{"id":908,"date":"2010-11-23T13:27:39","date_gmt":"2010-11-23T12:27:39","guid":{"rendered":"http:\/\/kurierskruda.pl\/index.php"},"modified":"2011-05-04T09:20:58","modified_gmt":"2011-05-04T07:20:58","slug":"zasady-publikacji-i-komentowania","status":"publish","type":"page","link":"http:\/\/kurierskruda.pl\/index.php\/zasady-publikacji-i-komentowania","title":{"rendered":"Zasady publikacji i komentowania"},"content":{"rendered":"<p><strong>Zasady przyjmowania i publikacji materia\u0142\u00f3w<\/strong><br \/>\n<\/br><br \/>\nRedakcja &#8222;Kuriera Skruda&#8221; podejmuje si\u0119 publikacji wszelkich tekst\u00f3w i materia\u0142\u00f3w nades\u0142anych przez czytelnik\u00f3w. Teksty i materia\u0142y musz\u0105 spe\u0142nia\u0107 jedynie dwa kryteria:<br \/>\n<\/br><br \/>\n&#8211; musz\u0105 by\u0107 interesuj\u0105ce dla czytelnik\u00f3w<br \/>\n&#8211; musz\u0105 by\u0107 przedstawione w formie nadaj\u0105cej si\u0119 do publikacji (czyli opracowane poprawnie pod k\u0105tem stylistycznym i merytorycznym)<br \/>\n<\/br><br \/>\nOba te kryteria s\u0105 ca\u0142kowicie uznaniowe &#8211; to Redakcja decyduje, czy nades\u0142any materia\u0142 je spe\u0142nia. Oferujemy jednocze\u015bnie pomoc stylistyczn\u0105 i merytoryczn\u0105 w opracowaniu materia\u0142\u00f3w &#8211; je\u015bli nie czujesz si\u0119 na si\u0142ach lub nie masz talentu, by opisa\u0107 sw\u00f3j temat, mo\u017cemy to zrobi\u0107 za Ciebie.<br \/>\n<\/br><br \/>\n<strong>Zasady komentowania materia\u0142\u00f3w opublikowanych w &#8222;Kurierze Skruda&#8221;<\/strong><br \/>\n<\/br><br \/>\n1. Redakcja &#8222;Kuriera Skruda&#8221; nie ponosi odpowiedzialno\u015bci za tre\u015bci umieszczone w komentarzach czytelnik\u00f3w.<br \/>\n<\/br><br \/>\n2. Komentarze zawieraj\u0105ce tre\u015bci obra\u017aliwe lub szkaluj\u0105ce b\u0119d\u0105 usuwane.<br \/>\n<\/br><br \/>\n3. Redakcja &#8222;Kuriera Skruda&#8221; uprzedza, \u017ce w przypadkach, gdy komentarz b\u0119dzie narusza\u0142 przepisy prawa, dane osobowe komentuj\u0105cego (adres e-mail, adres IP) mog\u0105 zosta\u0107 udost\u0119pnione uprawnionym do tego organom na ich wniosek.<br \/>\n<\/br><br \/>\n4. Zamieszczenie komentarza w serwisie &#8222;Kurier Skruda&#8221; oznacza akceptacj\u0119 wszystkich powy\u017cszych punkt\u00f3w.<\/p>\n","protected":false},"excerpt":{"rendered":"<p>Zasady przyjmowania i publikacji materia\u0142\u00f3w Redakcja &#8222;Kuriera Skruda&#8221; podejmuje si\u0119 publikacji wszelkich tekst\u00f3w i materia\u0142\u00f3w nades\u0142anych przez czytelnik\u00f3w. Teksty i materia\u0142y musz\u0105 spe\u0142nia\u0107 jedynie dwa kryteria: &#8211; musz\u0105 by\u0107 interesuj\u0105ce dla czytelnik\u00f3w &#8211; musz\u0105 by\u0107 przedstawione w formie nadaj\u0105cej si\u0119 do publikacji (czyli opracowane poprawnie pod k\u0105tem stylistycznym i merytorycznym)&#8230;<\/p>\n","protected":false},"author":1,"featured_media":0,"parent":0,"menu_order":2,"comment_status":"open","ping_status":"closed","template":"","meta":{"footnotes":""},"class_list":["post-908","page","type-page","status-publish","hentry"],"aioseo_notices":[],"_links":{"self":[{"href":"http:\/\/kurierskruda.pl\/index.php\/wp-json\/wp\/v2\/pages\/908"}],"collection":[{"href":"http:\/\/kurierskruda.pl\/index.php\/wp-json\/wp\/v2\/pages"}],"about":[{"href":"http:\/\/kurierskruda.pl\/index.php\/wp-json\/wp\/v2\/types\/page"}],"author":[{"embeddable":true,"href":"http:\/\/kurierskruda.pl\/index.php\/wp-json\/wp\/v2\/users\/1"}],"replies":[{"embeddable":true,"href":"http:\/\/kurierskruda.pl\/index.php\/wp-json\/wp\/v2\/comments?post=908"}],"version-history":[{"count":7,"href":"http:\/\/kurierskruda.pl\/index.php\/wp-json\/wp\/v2\/pages\/908\/revisions"}],"predecessor-version":[{"id":1653,"href":"http:\/\/kurierskruda.pl\/index.php\/wp-json\/wp\/v2\/pages\/908\/revisions\/1653"}],"wp:attachment":[{"href":"http:\/\/kurierskruda.pl\/index.php\/wp-json\/wp\/v2\/media?parent=908"}],"curies":[{"name":"wp","href":"https:\/\/api.w.org\/{rel}","templated":true}]}}